{"id":255,"date":"2021-10-22T00:28:45","date_gmt":"2021-10-21T22:28:45","guid":{"rendered":"https:\/\/vergleichkrankenkasseschweiz.ch\/datenschutz\/"},"modified":"2021-11-02T22:12:19","modified_gmt":"2021-11-02T21:12:19","slug":"datenschutz","status":"publish","type":"page","link":"https:\/\/vergleichkrankenkasseschweiz.ch\/pt-pt\/datenschutz\/","title":{"rendered":"Datenschutz"},"content":{"rendered":"<p>[et_pb_section fb_built=&#8221;1&#8243; _builder_version=&#8221;4.11.3&#8243; _module_preset=&#8221;default&#8221; global_colors_info=&#8221;{}&#8221;][et_pb_row _builder_version=&#8221;4.11.3&#8243; _module_preset=&#8221;default&#8221; global_colors_info=&#8221;{}&#8221;][et_pb_column type=&#8221;4_4&#8243; _builder_version=&#8221;4.11.3&#8243; _module_preset=&#8221;default&#8221; global_colors_info=&#8221;{}&#8221;][et_pb_image src=&#8221;https:\/\/vergleichkrankenkasseschweiz.ch\/wp-content\/uploads\/2021\/10\/head_port-1.png&#8221; title_text=&#8221;head_port&#8221; align=&#8221;center&#8221; _builder_version=&#8221;4.11.3&#8243; _module_preset=&#8221;default&#8221; width=&#8221;75%&#8221; module_alignment=&#8221;center&#8221; custom_margin=&#8221;-65px||||false|false&#8221; custom_margin_tablet=&#8221;&#8221; custom_margin_phone=&#8221;&#8221; custom_margin_last_edited=&#8221;on|desktop&#8221; global_colors_info=&#8221;{}&#8221;][\/et_pb_image][\/et_pb_column][\/et_pb_row][et_pb_row _builder_version=&#8221;4.11.3&#8243; _module_preset=&#8221;default&#8221; global_colors_info=&#8221;{}&#8221;][et_pb_column type=&#8221;4_4&#8243; _builder_version=&#8221;4.11.3&#8243; _module_preset=&#8221;default&#8221; global_colors_info=&#8221;{}&#8221;][et_pb_text _builder_version=&#8221;4.11.3&#8243; _module_preset=&#8221;default&#8221; global_colors_info=&#8221;{}&#8221;]<\/p>\n<h3 style=\"text-align: center;\"><b>Pol\u00edtica de privacidade<\/b><\/h3>\n<p><b>B\u00e1sico<\/b><\/p>\n<p>Esta pol\u00edtica de privacidade destina-se a informar os utilizadores deste website sobre a natureza, \u00e2mbito e finalidade da recolha e utiliza\u00e7\u00e3o de dados pessoais pelo operador do website vergleichkrankenkasseschweiz.ch.<\/p>\n<p>O operador do website leva a sua protec\u00e7\u00e3o de dados muito a s\u00e9rio e trata os seus dados pessoais de forma confidencial e de acordo com as disposi\u00e7\u00f5es legais. Como novas tecnologias e o constante desenvolvimento deste website podem resultar em altera\u00e7\u00f5es a esta declara\u00e7\u00e3o de prote\u00e7\u00e3o de dados, recomendamos que voc\u00ea leia novamente a declara\u00e7\u00e3o de prote\u00e7\u00e3o de dados em intervalos regulares.<\/p>\n<p><b>Dados de acesso<\/b><\/p>\n<p>N\u00f3s, o operador do site ou provedor da p\u00e1gina, coletamos dados sobre o acesso ao site com base em nosso leg\u00edtimo interesse (ver Art. 6 para. 1 lit. f. DSGVO) e os armazenamos como &#8220;arquivos de log do servidor&#8221; no servidor do site. Os seguintes dados s\u00e3o registrados desta forma:<\/p>\n<ul>\n<li><span><\/span>Site visitado<\/li>\n<li><span><\/span>Hora no momento do acesso<\/li>\n<li><span><\/span>Quantidade de dados enviados em bytes<\/li>\n<li><span><\/span>Fonte\/refer\u00eancia a partir da qual voc\u00ea chegou \u00e0 p\u00e1gina<\/li>\n<li><span><\/span>Navegador utilizado<\/li>\n<li><span><\/span>Sistema operacional utilizado<\/li>\n<li><span><\/span>endere\u00e7o IP utilizado<\/li>\n<\/ul>\n<p>Os dados s\u00e3o armazenados por raz\u00f5es de seguran\u00e7a, por exemplo, para poder esclarecer casos de abuso. Se os dados tiverem de ser retidos por raz\u00f5es probat\u00f3rias, est\u00e3o isentos de elimina\u00e7\u00e3o at\u00e9 que o incidente tenha sido finalmente esclarecido.<\/p>\n<p><b>Manuseio dos dados de contacto<\/b><\/p>\n<p>Se voc\u00ea entrar em contato conosco como operador do site usando as op\u00e7\u00f5es de contato oferecidas, seus dados ser\u00e3o armazenados para que possam ser usados para processar e responder \u00e0 sua consulta. Estes dados n\u00e3o ser\u00e3o transmitidos a terceiros sem o seu consentimento.<\/p>\n<p><b>Medi\u00e7\u00e3o do alcance e cookies<\/b><\/p>\n<p>Este site utiliza cookies para medi\u00e7\u00e3o de alcance pseud\u00f4nimo, que s\u00e3o transferidos para o navegador do usu\u00e1rio a partir do nosso servidor ou do servidor de um terceiro. Cookies s\u00e3o pequenos arquivos que s\u00e3o armazenados em seu dispositivo final. O seu navegador acessa esses arquivos. O uso de cookies aumenta a facilidade de utiliza\u00e7\u00e3o e a seguran\u00e7a deste website.<\/p>\n<p>Os navegadores comuns oferecem a op\u00e7\u00e3o de configura\u00e7\u00e3o para n\u00e3o permitir cookies. Nota: N\u00e3o \u00e9 garantido que voc\u00ea poder\u00e1 acessar todas as fun\u00e7\u00f5es deste site sem restri\u00e7\u00f5es se voc\u00ea fizer as configura\u00e7\u00f5es correspondentes.<\/p>\n<p><b>Recolha e tratamento de dados pessoais<\/b><\/p>\n<p>O operador do site s\u00f3 recolhe, utiliza e divulga os seus dados pessoais se isso for permitido por lei ou se voc\u00ea consentir na recolha dos dados.<\/p>\n<p>Dados pessoais s\u00e3o quaisquer informa\u00e7\u00f5es que possam ser usadas para identific\u00e1-lo e que possam ser rastreadas at\u00e9 si &#8211; por exemplo, o seu nome, endere\u00e7o de e-mail e n\u00famero de telefone.<\/p>\n<p>Voc\u00ea tamb\u00e9m pode visitar este site sem fornecer qualquer informa\u00e7\u00e3o pessoal. No entanto, a fim de melhorar os nossos servi\u00e7os online, armazenamos (sem refer\u00eancia pessoal) os seus dados de acesso a este website. Esses dados de acesso incluem, por exemplo, o arquivo que voc\u00ea solicitou ou o nome do seu provedor de internet. Ao tornar os dados an\u00f3nimos, n\u00e3o \u00e9 poss\u00edvel tirar conclus\u00f5es sobre a sua pessoa.<\/p>\n<p>S\u00e3o recolhidos os seguintes dados:<\/p>\n<ol>\n<li>O formul\u00e1rio na p\u00e1gina inicial recolhe os seguintes dados pessoais: Nome, sobrenome e endere\u00e7o de e-mail.<\/li>\n<li>A integra\u00e7\u00e3o do v\u00eddeo do Youtube tamb\u00e9m define cookies, inclusive do Dart DoubleClick.<\/li>\n<li>Um cookie tamb\u00e9m \u00e9 colocado pela sharethis.com.<\/li>\n<li>O Google Maps est\u00e1 integrado na p\u00e1gina de contato.<\/li>\n<\/ol>\n<p><b>Google Analytics<\/b><\/p>\n<p>Este site utiliza o servi\u00e7o &#8220;Google Analytics&#8221; devido aos nossos leg\u00edtimos interesses em optimizar e analisar a nossa oferta online no sentido do Art. 6, par\u00e1grafo 1 lit. f. DSGVO o servi\u00e7o &#8220;Google Analytics&#8221;, que \u00e9 oferecido pela Google Inc. (1600 Amphitheatre Parkway Mountain View, CA 94043, EUA). O servi\u00e7o (Google Analytics) utiliza &#8220;cookies&#8221; &#8211; ficheiros de texto que s\u00e3o armazenados no seu dispositivo terminal. A informa\u00e7\u00e3o recolhida pelos cookies \u00e9 normalmente enviada para um servidor Google nos EUA e a\u00ed armazenada.<\/p>\n<p>A anonimiza\u00e7\u00e3o de IP \u00e9 utilizada neste site. O endere\u00e7o IP do usu\u00e1rio \u00e9 encurtado dentro dos estados membros da UE e do Espa\u00e7o Econ\u00f4mico Europeu e nos outros estados contratantes do acordo. Apenas em casos individuais o endere\u00e7o IP inicialmente transmitido n\u00e3o abreviado para um servidor Google nos EUA e encurtado l\u00e1. Este encurtamento elimina a refer\u00eancia pessoal do seu endere\u00e7o IP. O endere\u00e7o IP do usu\u00e1rio transmitido pelo navegador n\u00e3o \u00e9 combinado com outros dados armazenados pelo Google.<\/p>\n<p>Nos termos do acordo de partilha de dados que n\u00f3s, como operador do website, celebr\u00e1mos com a Google Inc., esta \u00faltima utiliza as informa\u00e7\u00f5es recolhidas para avaliar a utiliza\u00e7\u00e3o e actividade do website e fornece servi\u00e7os relacionados com a utiliza\u00e7\u00e3o da Internet.<\/p>\n<p>Os dados recolhidos pelo Google em nosso nome s\u00e3o utilizados para avaliar a utiliza\u00e7\u00e3o da nossa oferta online por utilizadores individuais, por exemplo, para criar relat\u00f3rios sobre a actividade do site, a fim de melhorar a nossa oferta online.<\/p>\n<p>Voc\u00ea tem a op\u00e7\u00e3o de evitar que os cookies sejam armazenados no seu dispositivo, fazendo as configura\u00e7\u00f5es apropriadas no seu navegador. N\u00e3o \u00e9 garantido que voc\u00ea poder\u00e1 acessar todas as fun\u00e7\u00f5es deste site sem restri\u00e7\u00f5es se o seu navegador n\u00e3o permitir cookies.<\/p>\n<p>Al\u00e9m disso, voc\u00ea pode usar um plug-in do navegador para evitar que as informa\u00e7\u00f5es coletadas pelos cookies (incluindo seu endere\u00e7o IP) sejam enviadas para e usadas pelo Google Inc. O seguinte link o levar\u00e1 para o plugin correspondente: https:\/\/tools.google.com\/dlpage\/gaoptout?hl=de<\/p>\n<p>Aqui voc\u00ea pode encontrar mais informa\u00e7\u00f5es sobre o uso de dados pelo Google Inc:<\/p>\n<ul>\n<li><span><\/span>https:\/\/policies.google.com\/privacy\/partners?hl=de (dados coletados pelos parceiros do Google)<\/li>\n<li><span><\/span>https:\/\/adssettings.google.de\/authenticated (configura\u00e7\u00f5es sobre a publicidade que lhe \u00e9 apresentada)<\/li>\n<li><span><\/span>https:\/\/policies.google.com\/technologies\/ads?hl=de (uso de cookies em an\u00fancios publicit\u00e1rios)<\/li>\n<\/ul>\n<p><b>Utiliza\u00e7\u00e3o dos dados<\/b><\/p>\n<p>Qualquer informa\u00e7\u00e3o que recebermos de voc\u00ea pode ser usada de uma das seguintes maneiras:<\/p>\n<ul>\n<li><span><\/span>Para personalizar a sua experi\u00eancia (a sua informa\u00e7\u00e3o ajuda-nos a melhor satisfazer as suas necessidades individuais).<\/li>\n<li><span><\/span>Para melhorar nosso website (estamos constantemente nos esfor\u00e7ando para melhorar nossas ofertas de website com base nas informa\u00e7\u00f5es e feedback que recebemos de voc\u00ea)<\/li>\n<li><span><\/span>Para melhorar o servi\u00e7o ao cliente (a sua informa\u00e7\u00e3o ajuda-nos a responder mais eficazmente \u00e0s suas quest\u00f5es e pedidos de suporte).<\/li>\n<li><span><\/span>Para processar transa\u00e7\u00f5es. As suas informa\u00e7\u00f5es, p\u00fablicas ou privadas, n\u00e3o ser\u00e3o vendidas, trocadas ou transferidas para outra empresa por qualquer motivo, sem o seu consentimento ou com o prop\u00f3sito expresso de entregar o produto adquirido ou o servi\u00e7o solicitado pelo cliente.<\/li>\n<li><span><\/span>Para enviar e-mails peri\u00f3dicos. O endere\u00e7o de e-mail que voc\u00ea fornecer pode ser usado para lhe enviar informa\u00e7\u00f5es e atualiza\u00e7\u00f5es sobre seu pedido, bem como para receber ocasionais not\u00edcias da empresa, atualiza\u00e7\u00f5es, informa\u00e7\u00f5es sobre produtos ou servi\u00e7os relacionados, etc.<\/li>\n<li><span><\/span>Para gerir uma competi\u00e7\u00e3o, promo\u00e7\u00e3o, inqu\u00e9rito ou outro website<\/li>\n<\/ul>\n<p><b>Como \u00e9 que protegemos os seus dados?<\/b><\/p>\n<p>Usamos uma variedade de medidas de seguran\u00e7a para garantir a seguran\u00e7a das suas informa\u00e7\u00f5es pessoais quando voc\u00ea acessa suas informa\u00e7\u00f5es pessoais.<\/p>\n<p><b>Links de terceiros<\/b><\/p>\n<p>Ocasionalmente, a nosso crit\u00e9rio, podemos oferecer produtos ou servi\u00e7os de terceiros em nosso website. Estes sites de terceiros t\u00eam pol\u00edticas de privacidade separadas e independentes. Portanto, n\u00e3o assumimos qualquer responsabilidade ou obriga\u00e7\u00e3o pelo conte\u00fado e actividades destes sites ligados. No entanto, procuramos proteger a integridade do nosso site e obter feedback sobre esses sites.<\/p>\n<p><b>Transmiss\u00e3o de dados<\/b><\/p>\n<p>N\u00f3s n\u00e3o vendemos, trocamos ou transferimos suas informa\u00e7\u00f5es de identifica\u00e7\u00e3o pessoal para terceiros. Isso inclui terceiros n\u00e3o confi\u00e1veis que nos ajudam a operar nosso website, conduzir nossos neg\u00f3cios ou prestar-lhe servi\u00e7os, desde que essas partes concordem em manter essa informa\u00e7\u00e3o confidencial. N\u00f3s tamb\u00e9m divulgamos suas informa\u00e7\u00f5es quando acreditamos que a divulga\u00e7\u00e3o iria cumprir com a lei, satisfazer as pol\u00edticas do nosso site, ou proteger nossos direitos, propriedade ou a seguran\u00e7a de outros. No entanto, as informa\u00e7\u00f5es do visitante n\u00e3o pessoalmente identific\u00e1veis podem ser fornecidas a outras partes ou a outras utiliza\u00e7\u00f5es de marketing, publicidade ou outros usos.<\/p>\n<p><b>Direitos do usu\u00e1rio<\/b><\/p>\n<p>Como usu\u00e1rio, voc\u00ea tem o direito de solicitar gratuitamente informa\u00e7\u00f5es sobre quais dados pessoais foram armazenados a seu respeito. Voc\u00ea tamb\u00e9m tem o direito de ter dados imprecisos corrigidos e de ter o processamento dos seus dados pessoais restringido ou apagado. Se aplic\u00e1vel, voc\u00ea tamb\u00e9m pode exercer seu direito \u00e0 portabilidade de dados. Se voc\u00ea acredita que seus dados foram processados ilegalmente, voc\u00ea pode apresentar uma reclama\u00e7\u00e3o \u00e0 autoridade de supervis\u00e3o competente.<\/p>\n<p><b>Pol\u00edtica de Privacidade Online<\/b><\/p>\n<p>Esta Pol\u00edtica de Privacidade Online aplica-se apenas \u00e0 informa\u00e7\u00e3o recolhida atrav\u00e9s do nosso website e servi\u00e7os web e n\u00e3o \u00e0 informa\u00e7\u00e3o recolhida offline.<\/p>\n<p><b>Elimina\u00e7\u00e3o de dados<\/b><\/p>\n<p>A menos que seu pedido entre em conflito com uma obriga\u00e7\u00e3o legal de reter dados (por exemplo, reten\u00e7\u00e3o de dados), voc\u00ea tem o direito de ter seus dados apagados. Os dados armazenados por n\u00f3s ser\u00e3o apagados se n\u00e3o forem mais necess\u00e1rios para a finalidade pretendida e n\u00e3o houver per\u00edodos legais de reten\u00e7\u00e3o. Se a elimina\u00e7\u00e3o n\u00e3o puder ser efectuada porque os dados s\u00e3o necess\u00e1rios para fins legais admiss\u00edveis, o processamento de dados ser\u00e1 restringido. Neste caso, os dados ser\u00e3o bloqueados e n\u00e3o ser\u00e3o processados para outros fins.<\/p>\n<p><b>Direito de obje\u00e7\u00e3o<\/b><\/p>\n<p>Os utilizadores deste website podem exercer o seu direito de oposi\u00e7\u00e3o ao tratamento dos seus dados pessoais em qualquer altura.<\/p>\n<p>Se desejar que os seus dados pessoais sejam corrigidos, bloqueados, apagados ou divulgados, ou se tiver alguma d\u00favida sobre a recolha, processamento ou utiliza\u00e7\u00e3o dos seus dados pessoais, ou se desejar retirar o seu consentimento, contacte o seguinte endere\u00e7o de e-mail: kontakt@vergleichkrankenkasseschweiz.ch<\/p>\n<p>O contacto pode ser feito atrav\u00e9s do seguinte endere\u00e7o:<\/p>\n<p>Rodrigues Consulting GmbH <br \/><span>Bachstra\u00dfe 2<\/span><br \/><span>5600 Lenzburg<\/span><br \/><span>Schweiz<\/span><br \/><span>kontakt@vergleichkrankenkasseschweiz.ch<\/span><\/p>\n<p>Estas directrizes foram alteradas pela \u00faltima vez em 25.08.2019.<\/p>\n<p>[\/et_pb_text][\/et_pb_column][\/et_pb_row][et_pb_row _builder_version=&#8221;4.11.3&#8243; _module_preset=&#8221;default&#8221; global_colors_info=&#8221;{}&#8221;][et_pb_column type=&#8221;4_4&#8243; _builder_version=&#8221;4.11.3&#8243; _module_preset=&#8221;default&#8221; global_colors_info=&#8221;{}&#8221;][et_pb_button button_url=&#8221;@ET-DC@eyJkeW5hbWljIjp0cnVlLCJjb250ZW50IjoicG9zdF9saW5rX3VybF9wYWdlIiwic2V0dGluZ3MiOnsicG9zdF9pZCI6IjE3In19@&#8221; button_text=&#8221;Voltar para a p\u00e1gina inicial&#8221; button_alignment=&#8221;center&#8221; _builder_version=&#8221;4.11.3&#8243; _dynamic_attributes=&#8221;button_url&#8221; _module_preset=&#8221;default&#8221; custom_button=&#8221;on&#8221; button_text_color=&#8221;#FFFFFF&#8221; button_bg_color=&#8221;#8cc63f&#8221; button_border_radius=&#8221;8px&#8221; global_colors_info=&#8221;{}&#8221;][\/et_pb_button][\/et_pb_column][\/et_pb_row][et_pb_row column_structure=&#8221;1_3,1_3,1_3&#8243; _builder_version=&#8221;4.11.3&#8243; _module_preset=&#8221;default&#8221; global_colors_info=&#8221;{}&#8221;][et_pb_column type=&#8221;1_3&#8243; _builder_version=&#8221;4.11.3&#8243; _module_preset=&#8221;default&#8221; global_colors_info=&#8221;{}&#8221;][\/et_pb_column][et_pb_column type=&#8221;1_3&#8243; _builder_version=&#8221;4.11.3&#8243; _module_preset=&#8221;default&#8221; global_colors_info=&#8221;{}&#8221;][et_pb_text _builder_version=&#8221;4.11.3&#8243; _module_preset=&#8221;default&#8221; link_text_color=&#8221;#000000&#8243; global_colors_info=&#8221;{}&#8221;]&nbsp;<\/p>\n<p>&nbsp;<\/p>\n<p><center><a href=\"https:\/\/vergleichkrankenkasseschweiz.ch\/pt-pt\/impressum\/\">Impress\u00e3o<\/a><\/center><center><a href=\"https:\/\/vergleichkrankenkasseschweiz.ch\/pt-pt\/datenschutz\/\">Protec\u00e7\u00e3o de dados<\/a><\/center><\/p>\n<p>&nbsp;<\/p>\n<p>&nbsp;[\/et_pb_text][\/et_pb_column][et_pb_column type=&#8221;1_3&#8243; _builder_version=&#8221;4.11.3&#8243; _module_preset=&#8221;default&#8221; global_colors_info=&#8221;{}&#8221;][\/et_pb_column][\/et_pb_row][\/et_pb_section]<\/p>\n","protected":false},"excerpt":{"rendered":"<p>Pol\u00edtica de privacidade B\u00e1sico Esta pol\u00edtica de privacidade destina-se a informar os utilizadores deste website sobre a natureza, \u00e2mbito e finalidade da recolha e utiliza\u00e7\u00e3o de dados pessoais pelo operador do website vergleichkrankenkasseschweiz.ch. O operador do website leva a sua protec\u00e7\u00e3o de dados muito a s\u00e9rio e trata os seus dados pessoais de forma confidencial [&hellip;]<\/p>\n","protected":false},"author":1,"featured_media":0,"parent":0,"menu_order":0,"comment_status":"closed","ping_status":"closed","template":"page-template-blank.php","meta":{"_et_pb_use_builder":"on","_et_pb_old_content":"<!-- wp:divi\/placeholder \/-->","_et_gb_content_width":"","footnotes":""},"class_list":["post-255","page","type-page","status-publish","hentry"],"yoast_head":"<!-- This site is optimized with the Yoast SEO plugin v23.8 - https:\/\/yoast.com\/wordpress\/plugins\/seo\/ -->\n<title>Datenschutz - vergleichkrankenkasseschweiz.ch<\/title>\n<meta name=\"robots\" content=\"index, follow, max-snippet:-1, max-image-preview:large, max-video-preview:-1\" \/>\n<link rel=\"canonical\" href=\"https:\/\/vergleichkrankenkasseschweiz.ch\/pt-pt\/datenschutz\/\" \/>\n<meta property=\"og:locale\" content=\"pt_PT\" \/>\n<meta property=\"og:type\" content=\"article\" \/>\n<meta property=\"og:title\" content=\"Datenschutz - vergleichkrankenkasseschweiz.ch\" \/>\n<meta property=\"og:description\" content=\"Pol\u00edtica de privacidade B\u00e1sico Esta pol\u00edtica de privacidade destina-se a informar os utilizadores deste website sobre a natureza, \u00e2mbito e finalidade da recolha e utiliza\u00e7\u00e3o de dados pessoais pelo operador do website vergleichkrankenkasseschweiz.ch. O operador do website leva a sua protec\u00e7\u00e3o de dados muito a s\u00e9rio e trata os seus dados pessoais de forma confidencial [&hellip;]\" \/>\n<meta property=\"og:url\" content=\"https:\/\/vergleichkrankenkasseschweiz.ch\/pt-pt\/datenschutz\/\" \/>\n<meta property=\"og:site_name\" content=\"vergleichkrankenkasseschweiz.ch\" \/>\n<meta property=\"article:modified_time\" content=\"2021-11-02T21:12:19+00:00\" \/>\n<meta property=\"og:image\" content=\"https:\/\/vergleichkrankenkasseschweiz.ch\/wp-content\/uploads\/2021\/10\/Vergleich-Krankenkasse-Schweiz.png\" \/>\n\t<meta property=\"og:image:width\" content=\"500\" \/>\n\t<meta property=\"og:image:height\" content=\"100\" \/>\n\t<meta property=\"og:image:type\" content=\"image\/png\" \/>\n<meta name=\"twitter:card\" content=\"summary_large_image\" \/>\n<meta name=\"twitter:label1\" content=\"Tempo estimado de leitura\" \/>\n\t<meta name=\"twitter:data1\" content=\"10 minutos\" \/>\n<script type=\"application\/ld+json\" class=\"yoast-schema-graph\">{\"@context\":\"https:\/\/schema.org\",\"@graph\":[{\"@type\":\"WebPage\",\"@id\":\"https:\/\/vergleichkrankenkasseschweiz.ch\/pt-pt\/datenschutz\/\",\"url\":\"https:\/\/vergleichkrankenkasseschweiz.ch\/pt-pt\/datenschutz\/\",\"name\":\"Datenschutz - vergleichkrankenkasseschweiz.ch\",\"isPartOf\":{\"@id\":\"https:\/\/vergleichkrankenkasseschweiz.ch\/#website\"},\"datePublished\":\"2021-10-21T22:28:45+00:00\",\"dateModified\":\"2021-11-02T21:12:19+00:00\",\"breadcrumb\":{\"@id\":\"https:\/\/vergleichkrankenkasseschweiz.ch\/pt-pt\/datenschutz\/#breadcrumb\"},\"inLanguage\":\"pt-PT\",\"potentialAction\":[{\"@type\":\"ReadAction\",\"target\":[\"https:\/\/vergleichkrankenkasseschweiz.ch\/pt-pt\/datenschutz\/\"]}]},{\"@type\":\"BreadcrumbList\",\"@id\":\"https:\/\/vergleichkrankenkasseschweiz.ch\/pt-pt\/datenschutz\/#breadcrumb\",\"itemListElement\":[{\"@type\":\"ListItem\",\"position\":1,\"name\":\"Home\",\"item\":\"https:\/\/vergleichkrankenkasseschweiz.ch\/\"},{\"@type\":\"ListItem\",\"position\":2,\"name\":\"Datenschutz\"}]},{\"@type\":\"WebSite\",\"@id\":\"https:\/\/vergleichkrankenkasseschweiz.ch\/#website\",\"url\":\"https:\/\/vergleichkrankenkasseschweiz.ch\/\",\"name\":\"vergleichkrankenkasseschweiz.ch\",\"description\":\"Ihr Krankenkassenvergleich in der Schweiz\",\"publisher\":{\"@id\":\"https:\/\/vergleichkrankenkasseschweiz.ch\/#organization\"},\"potentialAction\":[{\"@type\":\"SearchAction\",\"target\":{\"@type\":\"EntryPoint\",\"urlTemplate\":\"https:\/\/vergleichkrankenkasseschweiz.ch\/?s={search_term_string}\"},\"query-input\":{\"@type\":\"PropertyValueSpecification\",\"valueRequired\":true,\"valueName\":\"search_term_string\"}}],\"inLanguage\":\"pt-PT\"},{\"@type\":\"Organization\",\"@id\":\"https:\/\/vergleichkrankenkasseschweiz.ch\/#organization\",\"name\":\"Vergleich Krankenkasse Schweiz\",\"url\":\"https:\/\/vergleichkrankenkasseschweiz.ch\/\",\"logo\":{\"@type\":\"ImageObject\",\"inLanguage\":\"pt-PT\",\"@id\":\"https:\/\/vergleichkrankenkasseschweiz.ch\/#\/schema\/logo\/image\/\",\"url\":\"https:\/\/vergleichkrankenkasseschweiz.ch\/wp-content\/uploads\/2021\/10\/cropped-Vergleich-Krankenkasse-Schweiz-Icon.png\",\"contentUrl\":\"https:\/\/vergleichkrankenkasseschweiz.ch\/wp-content\/uploads\/2021\/10\/cropped-Vergleich-Krankenkasse-Schweiz-Icon.png\",\"width\":512,\"height\":512,\"caption\":\"Vergleich Krankenkasse Schweiz\"},\"image\":{\"@id\":\"https:\/\/vergleichkrankenkasseschweiz.ch\/#\/schema\/logo\/image\/\"}}]}<\/script>\n<!-- \/ Yoast SEO plugin. -->","yoast_head_json":{"title":"Datenschutz - vergleichkrankenkasseschweiz.ch","robots":{"index":"index","follow":"follow","max-snippet":"max-snippet:-1","max-image-preview":"max-image-preview:large","max-video-preview":"max-video-preview:-1"},"canonical":"https:\/\/vergleichkrankenkasseschweiz.ch\/pt-pt\/datenschutz\/","og_locale":"pt_PT","og_type":"article","og_title":"Datenschutz - vergleichkrankenkasseschweiz.ch","og_description":"Pol\u00edtica de privacidade B\u00e1sico Esta pol\u00edtica de privacidade destina-se a informar os utilizadores deste website sobre a natureza, \u00e2mbito e finalidade da recolha e utiliza\u00e7\u00e3o de dados pessoais pelo operador do website vergleichkrankenkasseschweiz.ch. O operador do website leva a sua protec\u00e7\u00e3o de dados muito a s\u00e9rio e trata os seus dados pessoais de forma confidencial [&hellip;]","og_url":"https:\/\/vergleichkrankenkasseschweiz.ch\/pt-pt\/datenschutz\/","og_site_name":"vergleichkrankenkasseschweiz.ch","article_modified_time":"2021-11-02T21:12:19+00:00","og_image":[{"width":500,"height":100,"url":"https:\/\/vergleichkrankenkasseschweiz.ch\/wp-content\/uploads\/2021\/10\/Vergleich-Krankenkasse-Schweiz.png","type":"image\/png"}],"twitter_card":"summary_large_image","twitter_misc":{"Tempo estimado de leitura":"10 minutos"},"schema":{"@context":"https:\/\/schema.org","@graph":[{"@type":"WebPage","@id":"https:\/\/vergleichkrankenkasseschweiz.ch\/pt-pt\/datenschutz\/","url":"https:\/\/vergleichkrankenkasseschweiz.ch\/pt-pt\/datenschutz\/","name":"Datenschutz - vergleichkrankenkasseschweiz.ch","isPartOf":{"@id":"https:\/\/vergleichkrankenkasseschweiz.ch\/#website"},"datePublished":"2021-10-21T22:28:45+00:00","dateModified":"2021-11-02T21:12:19+00:00","breadcrumb":{"@id":"https:\/\/vergleichkrankenkasseschweiz.ch\/pt-pt\/datenschutz\/#breadcrumb"},"inLanguage":"pt-PT","potentialAction":[{"@type":"ReadAction","target":["https:\/\/vergleichkrankenkasseschweiz.ch\/pt-pt\/datenschutz\/"]}]},{"@type":"BreadcrumbList","@id":"https:\/\/vergleichkrankenkasseschweiz.ch\/pt-pt\/datenschutz\/#breadcrumb","itemListElement":[{"@type":"ListItem","position":1,"name":"Home","item":"https:\/\/vergleichkrankenkasseschweiz.ch\/"},{"@type":"ListItem","position":2,"name":"Datenschutz"}]},{"@type":"WebSite","@id":"https:\/\/vergleichkrankenkasseschweiz.ch\/#website","url":"https:\/\/vergleichkrankenkasseschweiz.ch\/","name":"vergleichkrankenkasseschweiz.ch","description":"Ihr Krankenkassenvergleich in der Schweiz","publisher":{"@id":"https:\/\/vergleichkrankenkasseschweiz.ch\/#organization"},"potentialAction":[{"@type":"SearchAction","target":{"@type":"EntryPoint","urlTemplate":"https:\/\/vergleichkrankenkasseschweiz.ch\/?s={search_term_string}"},"query-input":{"@type":"PropertyValueSpecification","valueRequired":true,"valueName":"search_term_string"}}],"inLanguage":"pt-PT"},{"@type":"Organization","@id":"https:\/\/vergleichkrankenkasseschweiz.ch\/#organization","name":"Vergleich Krankenkasse Schweiz","url":"https:\/\/vergleichkrankenkasseschweiz.ch\/","logo":{"@type":"ImageObject","inLanguage":"pt-PT","@id":"https:\/\/vergleichkrankenkasseschweiz.ch\/#\/schema\/logo\/image\/","url":"https:\/\/vergleichkrankenkasseschweiz.ch\/wp-content\/uploads\/2021\/10\/cropped-Vergleich-Krankenkasse-Schweiz-Icon.png","contentUrl":"https:\/\/vergleichkrankenkasseschweiz.ch\/wp-content\/uploads\/2021\/10\/cropped-Vergleich-Krankenkasse-Schweiz-Icon.png","width":512,"height":512,"caption":"Vergleich Krankenkasse Schweiz"},"image":{"@id":"https:\/\/vergleichkrankenkasseschweiz.ch\/#\/schema\/logo\/image\/"}}]}},"_links":{"self":[{"href":"https:\/\/vergleichkrankenkasseschweiz.ch\/pt-pt\/wp-json\/wp\/v2\/pages\/255","targetHints":{"allow":["GET"]}}],"collection":[{"href":"https:\/\/vergleichkrankenkasseschweiz.ch\/pt-pt\/wp-json\/wp\/v2\/pages"}],"about":[{"href":"https:\/\/vergleichkrankenkasseschweiz.ch\/pt-pt\/wp-json\/wp\/v2\/types\/page"}],"author":[{"embeddable":true,"href":"https:\/\/vergleichkrankenkasseschweiz.ch\/pt-pt\/wp-json\/wp\/v2\/users\/1"}],"replies":[{"embeddable":true,"href":"https:\/\/vergleichkrankenkasseschweiz.ch\/pt-pt\/wp-json\/wp\/v2\/comments?post=255"}],"version-history":[{"count":4,"href":"https:\/\/vergleichkrankenkasseschweiz.ch\/pt-pt\/wp-json\/wp\/v2\/pages\/255\/revisions"}],"predecessor-version":[{"id":466,"href":"https:\/\/vergleichkrankenkasseschweiz.ch\/pt-pt\/wp-json\/wp\/v2\/pages\/255\/revisions\/466"}],"wp:attachment":[{"href":"https:\/\/vergleichkrankenkasseschweiz.ch\/pt-pt\/wp-json\/wp\/v2\/media?parent=255"}],"curies":[{"name":"wp","href":"https:\/\/api.w.org\/{rel}","templated":true}]}}