{"id":279,"date":"2021-10-22T00:29:14","date_gmt":"2021-10-21T22:29:14","guid":{"rendered":"https:\/\/vergleichkrankenkasseschweiz.ch\/impressum\/"},"modified":"2021-10-31T10:59:09","modified_gmt":"2021-10-31T09:59:09","slug":"impressum","status":"publish","type":"page","link":"https:\/\/vergleichkrankenkasseschweiz.ch\/es\/impressum\/","title":{"rendered":"Impressum"},"content":{"rendered":"<p>[et_pb_section fb_built=&#8221;1&#8243; _builder_version=&#8221;4.11.3&#8243; _module_preset=&#8221;default&#8221; global_colors_info=&#8221;{}&#8221;][et_pb_row _builder_version=&#8221;4.11.3&#8243; _module_preset=&#8221;default&#8221; global_colors_info=&#8221;{}&#8221;][et_pb_column type=&#8221;4_4&#8243; _builder_version=&#8221;4.11.3&#8243; _module_preset=&#8221;default&#8221; global_colors_info=&#8221;{}&#8221;][et_pb_image src=&#8221;https:\/\/vergleichkrankenkasseschweiz.ch\/wp-content\/uploads\/2021\/10\/head_spa.png&#8221; title_text=&#8221;Header&#8221; align=&#8221;center&#8221; _builder_version=&#8221;4.11.3&#8243; _module_preset=&#8221;default&#8221; width=&#8221;75%&#8221; module_alignment=&#8221;center&#8221; custom_margin=&#8221;-65px||||false|false&#8221; global_colors_info=&#8221;{}&#8221;][\/et_pb_image][\/et_pb_column][\/et_pb_row][et_pb_row _builder_version=&#8221;4.11.3&#8243; _module_preset=&#8221;default&#8221; global_colors_info=&#8221;{}&#8221;][et_pb_column type=&#8221;4_4&#8243; _builder_version=&#8221;4.11.3&#8243; _module_preset=&#8221;default&#8221; global_colors_info=&#8221;{}&#8221;][et_pb_text _builder_version=&#8221;4.11.3&#8243; _module_preset=&#8221;default&#8221; hover_enabled=&#8221;0&#8243; global_colors_info=&#8221;{}&#8221; sticky_enabled=&#8221;0&#8243;]<\/p>\n<h1 style=\"text-align: center;\">Impresionante<\/h1>\n<p>&nbsp;<\/p>\n<p>&nbsp;<\/p>\n<h3>Direcci\u00f3n postal<\/h3>\n<p>Rodrigues Consulting GmbH<br \/>Bachstra\u00dfe 2<br \/>5600 Lenzburg<br \/>Schweiz<\/p>\n<p>&nbsp;<\/p>\n<h3>Direcciones de contacto<\/h3>\n<p><span>E-Mail: kontakt@vergleichkrankenkasseschweiz.ch<\/span><\/p>\n<p>Plataforma de la Comisi\u00f3n Europea para la resoluci\u00f3n de conflictos en l\u00ednea: https:\/\/ec.europa.eu\/odr<\/p>\n<p>No estamos obligados ni dispuestos a participar en un procedimiento de resoluci\u00f3n de conflictos ante una junta de arbitraje de consumo.<\/p>\n<p>[\/et_pb_text][\/et_pb_column][\/et_pb_row][et_pb_row _builder_version=&#8221;4.11.3&#8243; _module_preset=&#8221;default&#8221; global_colors_info=&#8221;{}&#8221;][et_pb_column type=&#8221;4_4&#8243; _builder_version=&#8221;4.11.3&#8243; _module_preset=&#8221;default&#8221; global_colors_info=&#8221;{}&#8221;][et_pb_button button_url=&#8221;@ET-DC@eyJkeW5hbWljIjp0cnVlLCJjb250ZW50IjoicG9zdF9saW5rX3VybF9wYWdlIiwic2V0dGluZ3MiOnsicG9zdF9pZCI6IjE3In19@&#8221; button_text=&#8221;Volver a la p\u00e1gina de inicio&#8221; button_alignment=&#8221;center&#8221; _builder_version=&#8221;4.11.3&#8243; _dynamic_attributes=&#8221;button_url&#8221; _module_preset=&#8221;default&#8221; custom_button=&#8221;on&#8221; button_text_color=&#8221;#FFFFFF&#8221; button_bg_color=&#8221;#8cc63f&#8221; button_border_color=&#8221;#8cc63f&#8221; button_border_radius=&#8221;10px&#8221; global_colors_info=&#8221;{}&#8221;][\/et_pb_button][\/et_pb_column][\/et_pb_row][et_pb_row column_structure=&#8221;1_3,1_3,1_3&#8243; _builder_version=&#8221;4.11.3&#8243; _module_preset=&#8221;default&#8221; global_colors_info=&#8221;{}&#8221;][et_pb_column type=&#8221;1_3&#8243; _builder_version=&#8221;4.11.3&#8243; _module_preset=&#8221;default&#8221; global_colors_info=&#8221;{}&#8221;][\/et_pb_column][et_pb_column type=&#8221;1_3&#8243; _builder_version=&#8221;4.11.3&#8243; _module_preset=&#8221;default&#8221; global_colors_info=&#8221;{}&#8221;][et_pb_text _builder_version=&#8221;4.11.3&#8243; _module_preset=&#8221;default&#8221; text_text_color=&#8221;#000000&#8243; link_text_color=&#8221;#000000&#8243; global_colors_info=&#8221;{}&#8221;]<\/p>\n<p>&nbsp;<\/p>\n<p>&nbsp;<\/p>\n<p><center><a href=\"https:\/\/vergleichkrankenkasseschweiz.ch\/es\/impressum\/\">Impresionante<\/a><\/center><center><a href=\"https:\/\/vergleichkrankenkasseschweiz.ch\/es\/datenschutz\/\">Protecci\u00f3n de datos<\/a><\/center><\/p>\n<p>&nbsp;<\/p>\n<p>&nbsp;<\/p>\n<p>[\/et_pb_text][\/et_pb_column][et_pb_column type=&#8221;1_3&#8243; _builder_version=&#8221;4.11.3&#8243; _module_preset=&#8221;default&#8221; global_colors_info=&#8221;{}&#8221;][\/et_pb_column][\/et_pb_row][\/et_pb_section]<\/p>\n","protected":false},"excerpt":{"rendered":"<p>Impresionante &nbsp; &nbsp; Direcci\u00f3n postal Rodrigues Consulting GmbHBachstra\u00dfe 25600 LenzburgSchweiz &nbsp; Direcciones de contacto E-Mail: kontakt@vergleichkrankenkasseschweiz.ch Plataforma de la Comisi\u00f3n Europea para la resoluci\u00f3n de conflictos en l\u00ednea: https:\/\/ec.europa.eu\/odr No estamos obligados ni dispuestos a participar en un procedimiento de resoluci\u00f3n de conflictos ante una junta de arbitraje de consumo.&nbsp; &nbsp; ImpresionanteProtecci\u00f3n de datos &nbsp; [&hellip;]<\/p>\n","protected":false},"author":1,"featured_media":0,"parent":0,"menu_order":0,"comment_status":"closed","ping_status":"closed","template":"page-template-blank.php","meta":{"_et_pb_use_builder":"on","_et_pb_old_content":"<!-- wp:divi\/placeholder \/-->","_et_gb_content_width":"","footnotes":""},"class_list":["post-279","page","type-page","status-publish","hentry"],"yoast_head":"<!-- This site is optimized with the Yoast SEO plugin v23.8 - https:\/\/yoast.com\/wordpress\/plugins\/seo\/ -->\n<title>Impressum - vergleichkrankenkasseschweiz.ch<\/title>\n<meta name=\"robots\" content=\"index, follow, max-snippet:-1, max-image-preview:large, max-video-preview:-1\" \/>\n<link rel=\"canonical\" href=\"https:\/\/vergleichkrankenkasseschweiz.ch\/es\/impressum\/\" \/>\n<meta property=\"og:locale\" content=\"es_ES\" \/>\n<meta property=\"og:type\" content=\"article\" \/>\n<meta property=\"og:title\" content=\"Impressum - vergleichkrankenkasseschweiz.ch\" \/>\n<meta property=\"og:description\" content=\"Impresionante &nbsp; &nbsp; Direcci\u00f3n postal Rodrigues Consulting GmbHBachstra\u00dfe 25600 LenzburgSchweiz &nbsp; Direcciones de contacto E-Mail: kontakt@vergleichkrankenkasseschweiz.ch Plataforma de la Comisi\u00f3n Europea para la resoluci\u00f3n de conflictos en l\u00ednea: https:\/\/ec.europa.eu\/odr No estamos obligados ni dispuestos a participar en un procedimiento de resoluci\u00f3n de conflictos ante una junta de arbitraje de consumo.&nbsp; &nbsp; ImpresionanteProtecci\u00f3n de datos &nbsp; [&hellip;]\" \/>\n<meta property=\"og:url\" content=\"https:\/\/vergleichkrankenkasseschweiz.ch\/es\/impressum\/\" \/>\n<meta property=\"og:site_name\" content=\"vergleichkrankenkasseschweiz.ch\" \/>\n<meta property=\"article:modified_time\" content=\"2021-10-31T09:59:09+00:00\" \/>\n<meta property=\"og:image\" content=\"https:\/\/vergleichkrankenkasseschweiz.ch\/wp-content\/uploads\/2021\/10\/Vergleich-Krankenkasse-Schweiz.png\" \/>\n\t<meta property=\"og:image:width\" content=\"500\" \/>\n\t<meta property=\"og:image:height\" content=\"100\" \/>\n\t<meta property=\"og:image:type\" content=\"image\/png\" \/>\n<meta name=\"twitter:card\" content=\"summary_large_image\" \/>\n<meta name=\"twitter:label1\" content=\"Tiempo de lectura\" \/>\n\t<meta name=\"twitter:data1\" content=\"2 minutos\" \/>\n<script type=\"application\/ld+json\" class=\"yoast-schema-graph\">{\"@context\":\"https:\/\/schema.org\",\"@graph\":[{\"@type\":\"WebPage\",\"@id\":\"https:\/\/vergleichkrankenkasseschweiz.ch\/es\/impressum\/\",\"url\":\"https:\/\/vergleichkrankenkasseschweiz.ch\/es\/impressum\/\",\"name\":\"Impressum - vergleichkrankenkasseschweiz.ch\",\"isPartOf\":{\"@id\":\"https:\/\/vergleichkrankenkasseschweiz.ch\/#website\"},\"datePublished\":\"2021-10-21T22:29:14+00:00\",\"dateModified\":\"2021-10-31T09:59:09+00:00\",\"breadcrumb\":{\"@id\":\"https:\/\/vergleichkrankenkasseschweiz.ch\/es\/impressum\/#breadcrumb\"},\"inLanguage\":\"es\",\"potentialAction\":[{\"@type\":\"ReadAction\",\"target\":[\"https:\/\/vergleichkrankenkasseschweiz.ch\/es\/impressum\/\"]}]},{\"@type\":\"BreadcrumbList\",\"@id\":\"https:\/\/vergleichkrankenkasseschweiz.ch\/es\/impressum\/#breadcrumb\",\"itemListElement\":[{\"@type\":\"ListItem\",\"position\":1,\"name\":\"Home\",\"item\":\"https:\/\/vergleichkrankenkasseschweiz.ch\/\"},{\"@type\":\"ListItem\",\"position\":2,\"name\":\"Impressum\"}]},{\"@type\":\"WebSite\",\"@id\":\"https:\/\/vergleichkrankenkasseschweiz.ch\/#website\",\"url\":\"https:\/\/vergleichkrankenkasseschweiz.ch\/\",\"name\":\"vergleichkrankenkasseschweiz.ch\",\"description\":\"Ihr Krankenkassenvergleich in der Schweiz\",\"publisher\":{\"@id\":\"https:\/\/vergleichkrankenkasseschweiz.ch\/#organization\"},\"potentialAction\":[{\"@type\":\"SearchAction\",\"target\":{\"@type\":\"EntryPoint\",\"urlTemplate\":\"https:\/\/vergleichkrankenkasseschweiz.ch\/?s={search_term_string}\"},\"query-input\":{\"@type\":\"PropertyValueSpecification\",\"valueRequired\":true,\"valueName\":\"search_term_string\"}}],\"inLanguage\":\"es\"},{\"@type\":\"Organization\",\"@id\":\"https:\/\/vergleichkrankenkasseschweiz.ch\/#organization\",\"name\":\"Vergleich Krankenkasse Schweiz\",\"url\":\"https:\/\/vergleichkrankenkasseschweiz.ch\/\",\"logo\":{\"@type\":\"ImageObject\",\"inLanguage\":\"es\",\"@id\":\"https:\/\/vergleichkrankenkasseschweiz.ch\/#\/schema\/logo\/image\/\",\"url\":\"https:\/\/vergleichkrankenkasseschweiz.ch\/wp-content\/uploads\/2021\/10\/cropped-Vergleich-Krankenkasse-Schweiz-Icon.png\",\"contentUrl\":\"https:\/\/vergleichkrankenkasseschweiz.ch\/wp-content\/uploads\/2021\/10\/cropped-Vergleich-Krankenkasse-Schweiz-Icon.png\",\"width\":512,\"height\":512,\"caption\":\"Vergleich Krankenkasse Schweiz\"},\"image\":{\"@id\":\"https:\/\/vergleichkrankenkasseschweiz.ch\/#\/schema\/logo\/image\/\"}}]}<\/script>\n<!-- \/ Yoast SEO plugin. -->","yoast_head_json":{"title":"Impressum - vergleichkrankenkasseschweiz.ch","robots":{"index":"index","follow":"follow","max-snippet":"max-snippet:-1","max-image-preview":"max-image-preview:large","max-video-preview":"max-video-preview:-1"},"canonical":"https:\/\/vergleichkrankenkasseschweiz.ch\/es\/impressum\/","og_locale":"es_ES","og_type":"article","og_title":"Impressum - vergleichkrankenkasseschweiz.ch","og_description":"Impresionante &nbsp; &nbsp; Direcci\u00f3n postal Rodrigues Consulting GmbHBachstra\u00dfe 25600 LenzburgSchweiz &nbsp; Direcciones de contacto E-Mail: kontakt@vergleichkrankenkasseschweiz.ch Plataforma de la Comisi\u00f3n Europea para la resoluci\u00f3n de conflictos en l\u00ednea: https:\/\/ec.europa.eu\/odr No estamos obligados ni dispuestos a participar en un procedimiento de resoluci\u00f3n de conflictos ante una junta de arbitraje de consumo.&nbsp; &nbsp; ImpresionanteProtecci\u00f3n de datos &nbsp; [&hellip;]","og_url":"https:\/\/vergleichkrankenkasseschweiz.ch\/es\/impressum\/","og_site_name":"vergleichkrankenkasseschweiz.ch","article_modified_time":"2021-10-31T09:59:09+00:00","og_image":[{"width":500,"height":100,"url":"https:\/\/vergleichkrankenkasseschweiz.ch\/wp-content\/uploads\/2021\/10\/Vergleich-Krankenkasse-Schweiz.png","type":"image\/png"}],"twitter_card":"summary_large_image","twitter_misc":{"Tiempo de lectura":"2 minutos"},"schema":{"@context":"https:\/\/schema.org","@graph":[{"@type":"WebPage","@id":"https:\/\/vergleichkrankenkasseschweiz.ch\/es\/impressum\/","url":"https:\/\/vergleichkrankenkasseschweiz.ch\/es\/impressum\/","name":"Impressum - vergleichkrankenkasseschweiz.ch","isPartOf":{"@id":"https:\/\/vergleichkrankenkasseschweiz.ch\/#website"},"datePublished":"2021-10-21T22:29:14+00:00","dateModified":"2021-10-31T09:59:09+00:00","breadcrumb":{"@id":"https:\/\/vergleichkrankenkasseschweiz.ch\/es\/impressum\/#breadcrumb"},"inLanguage":"es","potentialAction":[{"@type":"ReadAction","target":["https:\/\/vergleichkrankenkasseschweiz.ch\/es\/impressum\/"]}]},{"@type":"BreadcrumbList","@id":"https:\/\/vergleichkrankenkasseschweiz.ch\/es\/impressum\/#breadcrumb","itemListElement":[{"@type":"ListItem","position":1,"name":"Home","item":"https:\/\/vergleichkrankenkasseschweiz.ch\/"},{"@type":"ListItem","position":2,"name":"Impressum"}]},{"@type":"WebSite","@id":"https:\/\/vergleichkrankenkasseschweiz.ch\/#website","url":"https:\/\/vergleichkrankenkasseschweiz.ch\/","name":"vergleichkrankenkasseschweiz.ch","description":"Ihr Krankenkassenvergleich in der Schweiz","publisher":{"@id":"https:\/\/vergleichkrankenkasseschweiz.ch\/#organization"},"potentialAction":[{"@type":"SearchAction","target":{"@type":"EntryPoint","urlTemplate":"https:\/\/vergleichkrankenkasseschweiz.ch\/?s={search_term_string}"},"query-input":{"@type":"PropertyValueSpecification","valueRequired":true,"valueName":"search_term_string"}}],"inLanguage":"es"},{"@type":"Organization","@id":"https:\/\/vergleichkrankenkasseschweiz.ch\/#organization","name":"Vergleich Krankenkasse Schweiz","url":"https:\/\/vergleichkrankenkasseschweiz.ch\/","logo":{"@type":"ImageObject","inLanguage":"es","@id":"https:\/\/vergleichkrankenkasseschweiz.ch\/#\/schema\/logo\/image\/","url":"https:\/\/vergleichkrankenkasseschweiz.ch\/wp-content\/uploads\/2021\/10\/cropped-Vergleich-Krankenkasse-Schweiz-Icon.png","contentUrl":"https:\/\/vergleichkrankenkasseschweiz.ch\/wp-content\/uploads\/2021\/10\/cropped-Vergleich-Krankenkasse-Schweiz-Icon.png","width":512,"height":512,"caption":"Vergleich Krankenkasse Schweiz"},"image":{"@id":"https:\/\/vergleichkrankenkasseschweiz.ch\/#\/schema\/logo\/image\/"}}]}},"_links":{"self":[{"href":"https:\/\/vergleichkrankenkasseschweiz.ch\/es\/wp-json\/wp\/v2\/pages\/279","targetHints":{"allow":["GET"]}}],"collection":[{"href":"https:\/\/vergleichkrankenkasseschweiz.ch\/es\/wp-json\/wp\/v2\/pages"}],"about":[{"href":"https:\/\/vergleichkrankenkasseschweiz.ch\/es\/wp-json\/wp\/v2\/types\/page"}],"author":[{"embeddable":true,"href":"https:\/\/vergleichkrankenkasseschweiz.ch\/es\/wp-json\/wp\/v2\/users\/1"}],"replies":[{"embeddable":true,"href":"https:\/\/vergleichkrankenkasseschweiz.ch\/es\/wp-json\/wp\/v2\/comments?post=279"}],"version-history":[{"count":4,"href":"https:\/\/vergleichkrankenkasseschweiz.ch\/es\/wp-json\/wp\/v2\/pages\/279\/revisions"}],"predecessor-version":[{"id":457,"href":"https:\/\/vergleichkrankenkasseschweiz.ch\/es\/wp-json\/wp\/v2\/pages\/279\/revisions\/457"}],"wp:attachment":[{"href":"https:\/\/vergleichkrankenkasseschweiz.ch\/es\/wp-json\/wp\/v2\/media?parent=279"}],"curies":[{"name":"wp","href":"https:\/\/api.w.org\/{rel}","templated":true}]}}