{"id":266,"date":"2021-10-22T00:28:45","date_gmt":"2021-10-21T22:28:45","guid":{"rendered":"https:\/\/vergleichkrankenkasseschweiz.ch\/datenschutz\/"},"modified":"2021-11-02T22:12:43","modified_gmt":"2021-11-02T21:12:43","slug":"datenschutz","status":"publish","type":"page","link":"https:\/\/vergleichkrankenkasseschweiz.ch\/es\/datenschutz\/","title":{"rendered":"Datenschutz"},"content":{"rendered":"<p>[et_pb_section fb_built=&#8221;1&#8243; _builder_version=&#8221;4.11.3&#8243; _module_preset=&#8221;default&#8221; global_colors_info=&#8221;{}&#8221;][et_pb_row _builder_version=&#8221;4.11.3&#8243; _module_preset=&#8221;default&#8221; global_colors_info=&#8221;{}&#8221;][et_pb_column type=&#8221;4_4&#8243; _builder_version=&#8221;4.11.3&#8243; _module_preset=&#8221;default&#8221; global_colors_info=&#8221;{}&#8221;][et_pb_image src=&#8221;https:\/\/vergleichkrankenkasseschweiz.ch\/wp-content\/uploads\/2021\/10\/head_spa.png&#8221; title_text=&#8221;Header&#8221; align=&#8221;center&#8221; _builder_version=&#8221;4.11.3&#8243; _module_preset=&#8221;default&#8221; width=&#8221;75%&#8221; module_alignment=&#8221;center&#8221; custom_margin=&#8221;-65px||||false|false&#8221; custom_margin_tablet=&#8221;&#8221; custom_margin_phone=&#8221;&#8221; custom_margin_last_edited=&#8221;on|desktop&#8221; global_colors_info=&#8221;{}&#8221;][\/et_pb_image][\/et_pb_column][\/et_pb_row][et_pb_row _builder_version=&#8221;4.11.3&#8243; _module_preset=&#8221;default&#8221; global_colors_info=&#8221;{}&#8221;][et_pb_column type=&#8221;4_4&#8243; _builder_version=&#8221;4.11.3&#8243; _module_preset=&#8221;default&#8221; global_colors_info=&#8221;{}&#8221;][et_pb_text _builder_version=&#8221;4.11.3&#8243; _module_preset=&#8221;default&#8221; global_colors_info=&#8221;{}&#8221;]<\/p>\n<h3 style=\"text-align: center;\"><b>Pol\u00edtica de privacidad<\/b><\/h3>\n<p><b>B\u00e1sico<\/b><\/p>\n<p>La presente pol\u00edtica de privacidad tiene por objeto informar a los usuarios de este sitio web sobre la naturaleza, el alcance y la finalidad de la recogida y el uso de los datos personales por parte del operador del sitio web vergleichkrankenkasseschweiz.ch.<\/p>\n<p>El operador del sitio web se toma muy en serio la protecci\u00f3n de sus datos y trata sus datos personales de forma confidencial y de acuerdo con las disposiciones legales. Dado que las nuevas tecnolog\u00edas y el constante desarrollo de este sitio web pueden dar lugar a cambios en esta declaraci\u00f3n de protecci\u00f3n de datos, le recomendamos que vuelva a leer la declaraci\u00f3n de protecci\u00f3n de datos a intervalos regulares.<\/p>\n<p><b>Datos de acceso<\/b><\/p>\n<p>Nosotros, el operador del sitio web o el proveedor de la p\u00e1gina, recopilamos datos sobre el acceso al sitio web sobre la base de nuestro inter\u00e9s leg\u00edtimo (v\u00e9ase el art. 6, p\u00e1rr. 1 lit. f. DSGVO) y los almacenamos como &#8220;archivos de registro del servidor&#8221; en el servidor del sitio web. Los siguientes datos se registran de esta manera:<\/p>\n<ul>\n<li><span><\/span>Sitio web visitado<\/li>\n<li><span><\/span>Hora en el momento del acceso<\/li>\n<li><span><\/span>Cantidad de datos enviados en bytes<\/li>\n<li><span><\/span>Fuente\/referencia desde la que lleg\u00f3 a la p\u00e1gina<\/li>\n<li><span><\/span>Navegador utilizado<\/li>\n<li><span><\/span>Sistema operativo utilizado<\/li>\n<li><span><\/span>Direcci\u00f3n IP utilizada<\/li>\n<\/ul>\n<p>Los datos se almacenan por razones de seguridad, por ejemplo, para poder aclarar casos de abuso. Si los datos deben conservarse por motivos probatorios, est\u00e1n exentos de ser eliminados hasta que se aclare definitivamente el incidente.<\/p>\n<p><b>Datos de contacto de manipulaci\u00f3n<\/b><\/p>\n<p>Si se pone en contacto con nosotros como operador del sitio web utilizando las opciones de contacto ofrecidas, sus datos se almacenar\u00e1n para que puedan ser utilizados para procesar y responder a su consulta. Estos datos no se transmitir\u00e1n a terceros sin su consentimiento.<\/p>\n<p><b>Medici\u00f3n de alcance y cookies<\/b><\/p>\n<p>Este sitio web utiliza cookies para la medici\u00f3n del alcance seud\u00f3nimo, que se transfieren al navegador del usuario desde nuestro servidor o el de un tercero. Las cookies son peque\u00f1os archivos que se almacenan en su dispositivo final. Su navegador accede a estos archivos. El uso de cookies aumenta la facilidad de uso y la seguridad de este sitio web.<\/p>\n<p>Los navegadores habituales ofrecen la opci\u00f3n de no permitir las cookies. Nota: No se garantiza que pueda acceder a todas las funciones de este sitio web sin restricciones si realiza los ajustes correspondientes.<\/p>\n<p><b>Recogida y tratamiento de datos personales<\/b><\/p>\n<p>El operador del sitio web s\u00f3lo recoge, utiliza y divulga sus datos personales si lo permite la ley o si usted da su consentimiento para la recogida de datos.<\/p>\n<p>Los datos personales son cualquier informaci\u00f3n que pueda utilizarse para identificarle y que pueda ser rastreada hasta usted, por ejemplo, su nombre, direcci\u00f3n de correo electr\u00f3nico y n\u00famero de tel\u00e9fono.<\/p>\n<p>Tambi\u00e9n puede visitar este sitio web sin proporcionar ninguna informaci\u00f3n personal. Sin embargo, con el fin de mejorar nuestros servicios en l\u00ednea, almacenamos (sin referencia personal) sus datos de acceso a este sitio web. Estos datos de acceso incluyen, por ejemplo, el archivo que ha solicitado o el nombre de su proveedor de Internet. Al anonimizar los datos, no es posible sacar conclusiones sobre su persona.<\/p>\n<p>Se recogen los siguientes datos:<\/p>\n<ol>\n<li>El formulario de la p\u00e1gina web recoge los siguientes datos personales: Nombre, apellido y la direcci\u00f3n de correo electr\u00f3nico.<\/li>\n<li>La integraci\u00f3n del v\u00eddeo de Youtube tambi\u00e9n establece cookies, incluso de Dart DoubleClick.<\/li>\n<li>Una cookie tambi\u00e9n es establecida por sharethis.com.<\/li>\n<li>Google Maps est\u00e1 integrado en la p\u00e1gina de contacto.<\/li>\n<\/ol>\n<p><b>Google Analytics<\/b><\/p>\n<p>Este sitio web utiliza el servicio &#8220;Google Analytics&#8221; debido a nuestros intereses leg\u00edtimos en la optimizaci\u00f3n y el an\u00e1lisis de nuestra oferta en l\u00ednea en el sentido del Art. 6 P\u00e1rrafo 1 lit. f. DSGVO el servicio &#8220;Google Analytics&#8221;, que es ofrecido por Google Inc. (1600 Amphitheatre Parkway Mountain View, CA 94043, USA). El servicio (Google Analytics) utiliza &#8220;cookies&#8221;, archivos de texto que se almacenan en su dispositivo terminal. La informaci\u00f3n recopilada por las cookies suele enviarse a un servidor de Google en Estados Unidos y se almacena all\u00ed.<\/p>\n<p>En este sitio web se utiliza la anonimizaci\u00f3n de la IP. La direcci\u00f3n IP del usuario se acorta dentro de los estados miembros de la UE y del Espacio Econ\u00f3mico Europeo y en los dem\u00e1s estados contratantes del acuerdo. S\u00f3lo en casos concretos se transmite inicialmente la direcci\u00f3n IP sin abreviar a un servidor de Google en Estados Unidos y se acorta all\u00ed. Este acortamiento elimina la referencia personal de su direcci\u00f3n IP. La direcci\u00f3n IP del usuario transmitida por el navegador no se combina con otros datos almacenados por Google.<\/p>\n<p>Seg\u00fan los t\u00e9rminos del acuerdo de intercambio de datos que nosotros, como operador del sitio web, hemos concluido con Google Inc., este \u00faltimo utiliza la informaci\u00f3n recopilada para evaluar el uso del sitio web y la actividad del mismo y proporciona servicios relacionados con el uso de Internet.<\/p>\n<p>Los datos recopilados por Google en nuestro nombre se utilizan para evaluar el uso de nuestra oferta en l\u00ednea por parte de los usuarios individuales, por ejemplo, para crear informes sobre la actividad del sitio web con el fin de mejorar nuestra oferta en l\u00ednea.<\/p>\n<p>Usted tiene la opci\u00f3n de evitar que las cookies se almacenen en su dispositivo haciendo la configuraci\u00f3n adecuada en su navegador. No se garantiza que pueda acceder a todas las funciones de este sitio web sin restricciones si su navegador no permite las cookies.<\/p>\n<p>Adem\u00e1s, puede utilizar un complemento del navegador para evitar que la informaci\u00f3n recopilada por las cookies (incluida su direcci\u00f3n IP) sea enviada a Google Inc. y utilizada por ella. El siguiente enlace le llevar\u00e1 al plugin correspondiente: https:\/\/tools.google.com\/dlpage\/gaoptout?hl=de<\/p>\n<p>Aqu\u00ed puede encontrar m\u00e1s informaci\u00f3n sobre el uso de datos por parte de Google Inc:<\/p>\n<ul>\n<li><span><\/span>https:\/\/policies.google.com\/privacy\/partners?hl=de (datos recogidos por los socios de Google)<\/li>\n<li><span><\/span>https:\/\/adssettings.google.de\/authenticated (configuraci\u00f3n de la publicidad que se le muestra)<\/li>\n<li><span><\/span>https:\/\/policies.google.com\/technologies\/ads?hl=de (uso de cookies en los anuncios)<\/li>\n<\/ul>\n<p><b>Uso de los datos<\/b><\/p>\n<p>Toda la informaci\u00f3n que recibimos de usted puede ser utilizada de una de las siguientes maneras:<\/p>\n<ul>\n<li><span><\/span>Para personalizar su experiencia (su informaci\u00f3n nos ayuda a satisfacer mejor sus necesidades individuales).<\/li>\n<li><span><\/span>Para mejorar nuestro sitio web (nos esforzamos constantemente por mejorar la oferta de nuestro sitio web bas\u00e1ndonos en la informaci\u00f3n y los comentarios que recibimos de usted)<\/li>\n<li><span><\/span>Para mejorar el servicio al cliente (su informaci\u00f3n nos ayuda a responder m\u00e1s eficazmente a sus consultas y solicitudes de asistencia).<\/li>\n<li><span><\/span>Para procesar las transacciones. Su informaci\u00f3n, ya sea p\u00fablica o privada, no ser\u00e1 vendida, intercambiada o transferida a otra empresa por ning\u00fan motivo, sin su consentimiento o con el prop\u00f3sito expreso de entregar el producto comprado o el servicio solicitado por el cliente.<\/li>\n<li><span><\/span>Para enviar correos electr\u00f3nicos peri\u00f3dicos. La direcci\u00f3n de correo electr\u00f3nico que nos proporcione podr\u00e1 utilizarse para enviarle informaci\u00f3n y actualizaciones sobre su pedido, as\u00ed como para recibir ocasionalmente noticias de la empresa, actualizaciones, informaci\u00f3n sobre productos o servicios relacionados, etc.<\/li>\n<li><span><\/span>Para gestionar un concurso, una promoci\u00f3n, una encuesta u otro sitio web<\/li>\n<\/ul>\n<p><b>\u00bfC\u00f3mo protegemos sus datos?<\/b><\/p>\n<p>Utilizamos diversas medidas de seguridad para garantizar la seguridad de su informaci\u00f3n personal cuando accede a ella.<\/p>\n<p><b>Enlaces de terceros<\/b><\/p>\n<p>Ocasionalmente, a nuestra discreci\u00f3n, podemos ofrecer productos o servicios de terceros en nuestro sitio web. Estos sitios de terceros tienen pol\u00edticas de privacidad separadas e independientes. Por lo tanto, no aceptamos ninguna responsabilidad por el contenido y las actividades de estos sitios enlazados. No obstante, tratamos de proteger la integridad de nuestro sitio web y de obtener informaci\u00f3n sobre estos sitios.<\/p>\n<p><b>Transmisi\u00f3n de datos<\/b><\/p>\n<p>No vendemos, comercializamos ni transferimos su informaci\u00f3n personal identificable a terceros. Esto incluye a terceros que no son de confianza y que nos ayudan a operar nuestro sitio web, a llevar a cabo nuestro negocio o a prestarle servicio, siempre y cuando dichas partes se comprometan a mantener la confidencialidad de la informaci\u00f3n. Tambi\u00e9n divulgamos su informaci\u00f3n cuando creemos que su divulgaci\u00f3n podr\u00eda cumplir con la ley, satisfacer las pol\u00edticas de nuestro sitio web o proteger nuestros derechos, propiedad o la seguridad de otros. Sin embargo, la informaci\u00f3n no personal de los visitantes puede ser proporcionada a otras partes o a usos de marketing, publicidad u otros.<\/p>\n<p><b>Derechos del usuario<\/b><\/p>\n<p>Como usuario, tiene derecho a solicitar informaci\u00f3n gratuita sobre los datos personales que se han almacenado sobre usted. Tambi\u00e9n tiene derecho a que se corrijan los datos inexactos y a que se restrinja o elimine el tratamiento de sus datos personales. Si procede, tambi\u00e9n puede ejercer su derecho a la portabilidad de los datos. Si cree que sus datos han sido tratados ilegalmente, puede presentar una reclamaci\u00f3n ante la autoridad de control competente.<\/p>\n<p><b>Pol\u00edtica de privacidad en l\u00ednea<\/b><\/p>\n<p>Esta pol\u00edtica de privacidad en l\u00ednea s\u00f3lo se aplica a la informaci\u00f3n recogida a trav\u00e9s de nuestro sitio web y servicios web y no a la informaci\u00f3n recogida fuera de l\u00ednea.<\/p>\n<p><b>Eliminaci\u00f3n de datos<\/b><\/p>\n<p>A menos que su solicitud entre en conflicto con una obligaci\u00f3n legal de conservar los datos (por ejemplo, la retenci\u00f3n de datos), usted tiene derecho a que se eliminen sus datos. Los datos almacenados por nosotros se eliminar\u00e1n si ya no son necesarios para los fines previstos y no existen plazos legales de conservaci\u00f3n. Si la supresi\u00f3n no puede llevarse a cabo porque los datos son necesarios para fines legales permitidos, se restringir\u00e1 el tratamiento de los datos. En este caso, los datos se bloquear\u00e1n y no se tratar\u00e1n para otros fines.<\/p>\n<p><b>Derecho de objeci\u00f3n<\/b><\/p>\n<p>Los usuarios de este sitio web pueden ejercer su derecho a oponerse al tratamiento de sus datos personales en cualquier momento.<\/p>\n<p>Si desea que sus datos personales sean corregidos, bloqueados, eliminados o divulgados, o si tiene alguna pregunta sobre la recopilaci\u00f3n, el tratamiento o el uso de sus datos personales, o si desea retirar su consentimiento, p\u00f3ngase en contacto con la siguiente direcci\u00f3n de correo electr\u00f3nico: kontakt@vergleichkrankenkasseschweiz.ch<\/p>\n<p>El contacto puede realizarse a trav\u00e9s de la siguiente direcci\u00f3n:<\/p>\n<p>Rodrigues Consulting GmbH <br \/><span>Bachstra\u00dfe 2<\/span><br \/><span>5600 Lenzburg<\/span><br \/><span>Schweiz<\/span><br \/><span>kontakt@vergleichkrankenkasseschweiz.ch<\/span><\/p>\n<p>Estas directrices fueron modificadas por \u00faltima vez el 25.08.2019.<\/p>\n<p>[\/et_pb_text][\/et_pb_column][\/et_pb_row][et_pb_row _builder_version=&#8221;4.11.3&#8243; _module_preset=&#8221;default&#8221; global_colors_info=&#8221;{}&#8221;][et_pb_column type=&#8221;4_4&#8243; _builder_version=&#8221;4.11.3&#8243; _module_preset=&#8221;default&#8221; global_colors_info=&#8221;{}&#8221;][et_pb_button button_url=&#8221;@ET-DC@eyJkeW5hbWljIjp0cnVlLCJjb250ZW50IjoicG9zdF9saW5rX3VybF9wYWdlIiwic2V0dGluZ3MiOnsicG9zdF9pZCI6IjE3In19@&#8221; button_text=&#8221;Volver a la p\u00e1gina de inicio&#8221; button_alignment=&#8221;center&#8221; _builder_version=&#8221;4.11.3&#8243; _dynamic_attributes=&#8221;button_url&#8221; _module_preset=&#8221;default&#8221; custom_button=&#8221;on&#8221; button_text_color=&#8221;#FFFFFF&#8221; button_bg_color=&#8221;#8cc63f&#8221; button_border_radius=&#8221;8px&#8221; global_colors_info=&#8221;{}&#8221;][\/et_pb_button][\/et_pb_column][\/et_pb_row][et_pb_row column_structure=&#8221;1_3,1_3,1_3&#8243; _builder_version=&#8221;4.11.3&#8243; _module_preset=&#8221;default&#8221; global_colors_info=&#8221;{}&#8221;][et_pb_column type=&#8221;1_3&#8243; _builder_version=&#8221;4.11.3&#8243; _module_preset=&#8221;default&#8221; global_colors_info=&#8221;{}&#8221;][\/et_pb_column][et_pb_column type=&#8221;1_3&#8243; _builder_version=&#8221;4.11.3&#8243; _module_preset=&#8221;default&#8221; global_colors_info=&#8221;{}&#8221;][et_pb_text _builder_version=&#8221;4.11.3&#8243; _module_preset=&#8221;default&#8221; link_text_color=&#8221;#000000&#8243; global_colors_info=&#8221;{}&#8221;]&nbsp;<\/p>\n<p>&nbsp;<\/p>\n<p><center><a href=\"https:\/\/vergleichkrankenkasseschweiz.ch\/es\/impressum\/\">Pie de imprenta<\/a><\/center><center><a href=\"https:\/\/vergleichkrankenkasseschweiz.ch\/es\/datenschutz\/\">Protecci\u00f3n de datos<\/a><\/center><\/p>\n<p>&nbsp;<\/p>\n<p>&nbsp;[\/et_pb_text][\/et_pb_column][et_pb_column type=&#8221;1_3&#8243; _builder_version=&#8221;4.11.3&#8243; _module_preset=&#8221;default&#8221; global_colors_info=&#8221;{}&#8221;][\/et_pb_column][\/et_pb_row][\/et_pb_section]<\/p>\n","protected":false},"excerpt":{"rendered":"<p>Pol\u00edtica de privacidad B\u00e1sico La presente pol\u00edtica de privacidad tiene por objeto informar a los usuarios de este sitio web sobre la naturaleza, el alcance y la finalidad de la recogida y el uso de los datos personales por parte del operador del sitio web vergleichkrankenkasseschweiz.ch. El operador del sitio web se toma muy en [&hellip;]<\/p>\n","protected":false},"author":1,"featured_media":0,"parent":0,"menu_order":0,"comment_status":"closed","ping_status":"closed","template":"page-template-blank.php","meta":{"_et_pb_use_builder":"on","_et_pb_old_content":"<!-- wp:divi\/placeholder \/-->","_et_gb_content_width":"","footnotes":""},"class_list":["post-266","page","type-page","status-publish","hentry"],"yoast_head":"<!-- This site is optimized with the Yoast SEO plugin v23.8 - https:\/\/yoast.com\/wordpress\/plugins\/seo\/ -->\n<title>Datenschutz - vergleichkrankenkasseschweiz.ch<\/title>\n<meta name=\"robots\" content=\"index, follow, max-snippet:-1, max-image-preview:large, max-video-preview:-1\" \/>\n<link rel=\"canonical\" href=\"https:\/\/vergleichkrankenkasseschweiz.ch\/es\/datenschutz\/\" \/>\n<meta property=\"og:locale\" content=\"es_ES\" \/>\n<meta property=\"og:type\" content=\"article\" \/>\n<meta property=\"og:title\" content=\"Datenschutz - vergleichkrankenkasseschweiz.ch\" \/>\n<meta property=\"og:description\" content=\"Pol\u00edtica de privacidad B\u00e1sico La presente pol\u00edtica de privacidad tiene por objeto informar a los usuarios de este sitio web sobre la naturaleza, el alcance y la finalidad de la recogida y el uso de los datos personales por parte del operador del sitio web vergleichkrankenkasseschweiz.ch. El operador del sitio web se toma muy en [&hellip;]\" \/>\n<meta property=\"og:url\" content=\"https:\/\/vergleichkrankenkasseschweiz.ch\/es\/datenschutz\/\" \/>\n<meta property=\"og:site_name\" content=\"vergleichkrankenkasseschweiz.ch\" \/>\n<meta property=\"article:modified_time\" content=\"2021-11-02T21:12:43+00:00\" \/>\n<meta property=\"og:image\" content=\"https:\/\/vergleichkrankenkasseschweiz.ch\/wp-content\/uploads\/2021\/10\/Vergleich-Krankenkasse-Schweiz.png\" \/>\n\t<meta property=\"og:image:width\" content=\"500\" \/>\n\t<meta property=\"og:image:height\" content=\"100\" \/>\n\t<meta property=\"og:image:type\" content=\"image\/png\" \/>\n<meta name=\"twitter:card\" content=\"summary_large_image\" \/>\n<meta name=\"twitter:label1\" content=\"Tiempo de lectura\" \/>\n\t<meta name=\"twitter:data1\" content=\"11 minutos\" \/>\n<script type=\"application\/ld+json\" class=\"yoast-schema-graph\">{\"@context\":\"https:\/\/schema.org\",\"@graph\":[{\"@type\":\"WebPage\",\"@id\":\"https:\/\/vergleichkrankenkasseschweiz.ch\/es\/datenschutz\/\",\"url\":\"https:\/\/vergleichkrankenkasseschweiz.ch\/es\/datenschutz\/\",\"name\":\"Datenschutz - vergleichkrankenkasseschweiz.ch\",\"isPartOf\":{\"@id\":\"https:\/\/vergleichkrankenkasseschweiz.ch\/#website\"},\"datePublished\":\"2021-10-21T22:28:45+00:00\",\"dateModified\":\"2021-11-02T21:12:43+00:00\",\"breadcrumb\":{\"@id\":\"https:\/\/vergleichkrankenkasseschweiz.ch\/es\/datenschutz\/#breadcrumb\"},\"inLanguage\":\"es\",\"potentialAction\":[{\"@type\":\"ReadAction\",\"target\":[\"https:\/\/vergleichkrankenkasseschweiz.ch\/es\/datenschutz\/\"]}]},{\"@type\":\"BreadcrumbList\",\"@id\":\"https:\/\/vergleichkrankenkasseschweiz.ch\/es\/datenschutz\/#breadcrumb\",\"itemListElement\":[{\"@type\":\"ListItem\",\"position\":1,\"name\":\"Home\",\"item\":\"https:\/\/vergleichkrankenkasseschweiz.ch\/\"},{\"@type\":\"ListItem\",\"position\":2,\"name\":\"Datenschutz\"}]},{\"@type\":\"WebSite\",\"@id\":\"https:\/\/vergleichkrankenkasseschweiz.ch\/#website\",\"url\":\"https:\/\/vergleichkrankenkasseschweiz.ch\/\",\"name\":\"vergleichkrankenkasseschweiz.ch\",\"description\":\"Ihr Krankenkassenvergleich in der Schweiz\",\"publisher\":{\"@id\":\"https:\/\/vergleichkrankenkasseschweiz.ch\/#organization\"},\"potentialAction\":[{\"@type\":\"SearchAction\",\"target\":{\"@type\":\"EntryPoint\",\"urlTemplate\":\"https:\/\/vergleichkrankenkasseschweiz.ch\/?s={search_term_string}\"},\"query-input\":{\"@type\":\"PropertyValueSpecification\",\"valueRequired\":true,\"valueName\":\"search_term_string\"}}],\"inLanguage\":\"es\"},{\"@type\":\"Organization\",\"@id\":\"https:\/\/vergleichkrankenkasseschweiz.ch\/#organization\",\"name\":\"Vergleich Krankenkasse Schweiz\",\"url\":\"https:\/\/vergleichkrankenkasseschweiz.ch\/\",\"logo\":{\"@type\":\"ImageObject\",\"inLanguage\":\"es\",\"@id\":\"https:\/\/vergleichkrankenkasseschweiz.ch\/#\/schema\/logo\/image\/\",\"url\":\"https:\/\/vergleichkrankenkasseschweiz.ch\/wp-content\/uploads\/2021\/10\/cropped-Vergleich-Krankenkasse-Schweiz-Icon.png\",\"contentUrl\":\"https:\/\/vergleichkrankenkasseschweiz.ch\/wp-content\/uploads\/2021\/10\/cropped-Vergleich-Krankenkasse-Schweiz-Icon.png\",\"width\":512,\"height\":512,\"caption\":\"Vergleich Krankenkasse Schweiz\"},\"image\":{\"@id\":\"https:\/\/vergleichkrankenkasseschweiz.ch\/#\/schema\/logo\/image\/\"}}]}<\/script>\n<!-- \/ Yoast SEO plugin. -->","yoast_head_json":{"title":"Datenschutz - vergleichkrankenkasseschweiz.ch","robots":{"index":"index","follow":"follow","max-snippet":"max-snippet:-1","max-image-preview":"max-image-preview:large","max-video-preview":"max-video-preview:-1"},"canonical":"https:\/\/vergleichkrankenkasseschweiz.ch\/es\/datenschutz\/","og_locale":"es_ES","og_type":"article","og_title":"Datenschutz - vergleichkrankenkasseschweiz.ch","og_description":"Pol\u00edtica de privacidad B\u00e1sico La presente pol\u00edtica de privacidad tiene por objeto informar a los usuarios de este sitio web sobre la naturaleza, el alcance y la finalidad de la recogida y el uso de los datos personales por parte del operador del sitio web vergleichkrankenkasseschweiz.ch. El operador del sitio web se toma muy en [&hellip;]","og_url":"https:\/\/vergleichkrankenkasseschweiz.ch\/es\/datenschutz\/","og_site_name":"vergleichkrankenkasseschweiz.ch","article_modified_time":"2021-11-02T21:12:43+00:00","og_image":[{"width":500,"height":100,"url":"https:\/\/vergleichkrankenkasseschweiz.ch\/wp-content\/uploads\/2021\/10\/Vergleich-Krankenkasse-Schweiz.png","type":"image\/png"}],"twitter_card":"summary_large_image","twitter_misc":{"Tiempo de lectura":"11 minutos"},"schema":{"@context":"https:\/\/schema.org","@graph":[{"@type":"WebPage","@id":"https:\/\/vergleichkrankenkasseschweiz.ch\/es\/datenschutz\/","url":"https:\/\/vergleichkrankenkasseschweiz.ch\/es\/datenschutz\/","name":"Datenschutz - vergleichkrankenkasseschweiz.ch","isPartOf":{"@id":"https:\/\/vergleichkrankenkasseschweiz.ch\/#website"},"datePublished":"2021-10-21T22:28:45+00:00","dateModified":"2021-11-02T21:12:43+00:00","breadcrumb":{"@id":"https:\/\/vergleichkrankenkasseschweiz.ch\/es\/datenschutz\/#breadcrumb"},"inLanguage":"es","potentialAction":[{"@type":"ReadAction","target":["https:\/\/vergleichkrankenkasseschweiz.ch\/es\/datenschutz\/"]}]},{"@type":"BreadcrumbList","@id":"https:\/\/vergleichkrankenkasseschweiz.ch\/es\/datenschutz\/#breadcrumb","itemListElement":[{"@type":"ListItem","position":1,"name":"Home","item":"https:\/\/vergleichkrankenkasseschweiz.ch\/"},{"@type":"ListItem","position":2,"name":"Datenschutz"}]},{"@type":"WebSite","@id":"https:\/\/vergleichkrankenkasseschweiz.ch\/#website","url":"https:\/\/vergleichkrankenkasseschweiz.ch\/","name":"vergleichkrankenkasseschweiz.ch","description":"Ihr Krankenkassenvergleich in der Schweiz","publisher":{"@id":"https:\/\/vergleichkrankenkasseschweiz.ch\/#organization"},"potentialAction":[{"@type":"SearchAction","target":{"@type":"EntryPoint","urlTemplate":"https:\/\/vergleichkrankenkasseschweiz.ch\/?s={search_term_string}"},"query-input":{"@type":"PropertyValueSpecification","valueRequired":true,"valueName":"search_term_string"}}],"inLanguage":"es"},{"@type":"Organization","@id":"https:\/\/vergleichkrankenkasseschweiz.ch\/#organization","name":"Vergleich Krankenkasse Schweiz","url":"https:\/\/vergleichkrankenkasseschweiz.ch\/","logo":{"@type":"ImageObject","inLanguage":"es","@id":"https:\/\/vergleichkrankenkasseschweiz.ch\/#\/schema\/logo\/image\/","url":"https:\/\/vergleichkrankenkasseschweiz.ch\/wp-content\/uploads\/2021\/10\/cropped-Vergleich-Krankenkasse-Schweiz-Icon.png","contentUrl":"https:\/\/vergleichkrankenkasseschweiz.ch\/wp-content\/uploads\/2021\/10\/cropped-Vergleich-Krankenkasse-Schweiz-Icon.png","width":512,"height":512,"caption":"Vergleich Krankenkasse Schweiz"},"image":{"@id":"https:\/\/vergleichkrankenkasseschweiz.ch\/#\/schema\/logo\/image\/"}}]}},"_links":{"self":[{"href":"https:\/\/vergleichkrankenkasseschweiz.ch\/es\/wp-json\/wp\/v2\/pages\/266","targetHints":{"allow":["GET"]}}],"collection":[{"href":"https:\/\/vergleichkrankenkasseschweiz.ch\/es\/wp-json\/wp\/v2\/pages"}],"about":[{"href":"https:\/\/vergleichkrankenkasseschweiz.ch\/es\/wp-json\/wp\/v2\/types\/page"}],"author":[{"embeddable":true,"href":"https:\/\/vergleichkrankenkasseschweiz.ch\/es\/wp-json\/wp\/v2\/users\/1"}],"replies":[{"embeddable":true,"href":"https:\/\/vergleichkrankenkasseschweiz.ch\/es\/wp-json\/wp\/v2\/comments?post=266"}],"version-history":[{"count":3,"href":"https:\/\/vergleichkrankenkasseschweiz.ch\/es\/wp-json\/wp\/v2\/pages\/266\/revisions"}],"predecessor-version":[{"id":467,"href":"https:\/\/vergleichkrankenkasseschweiz.ch\/es\/wp-json\/wp\/v2\/pages\/266\/revisions\/467"}],"wp:attachment":[{"href":"https:\/\/vergleichkrankenkasseschweiz.ch\/es\/wp-json\/wp\/v2\/media?parent=266"}],"curies":[{"name":"wp","href":"https:\/\/api.w.org\/{rel}","templated":true}]}}